{"id":2494,"date":"2023-12-23T14:52:24","date_gmt":"2023-12-23T14:52:24","guid":{"rendered":"https:\/\/heemkringhaaltert.be\/?page_id=2494"},"modified":"2024-08-25T21:28:34","modified_gmt":"2024-08-25T21:28:34","slug":"vreda-cabararet-een-vraa-da-es-e-stikske-spek","status":"publish","type":"page","link":"https:\/\/heemkringhaaltert.be\/?page_id=2494","title":{"rendered":"VREDA Cabararet: Een Vraa da es e stikske spek"},"content":{"rendered":"\n<p>De periode 1937-1960 kan men zich moeilijk voorstellen zonder de vertoningen van het Vredacabaret in een bomvolle Volkskring. Hun liedjes warend razend populair. Geen<br>hedendaags familiefeestje te Haaltert kon of kan doorgaan zonder \u00e9\u00e9n van hun talrijke meezingers. O Sanja; Een vraa\u2026..: Wij zijn Haaltenaren, enz. zijn nog door vele dorpsge<br>noten gekend.<br>Het merkwaardige was dat al de leden uit \u00e9\u00e9n familie (Redant) stamden: 4 broers, 2 zussen en \u00e9\u00e9n schoonbroer (Van Landuyt). Hun archief vermeldt 664 opvoeringen in<br>184 verschillende gemeenten in de periode 1937-1960. In 1951 en &#8217;52 stonden zelfs twee TV-opvoeringen in een geimproviseerde studio in Rijssel op het programma (de<br>enige TV in het dorp stond opgesteld in het caf\u00e9 van Constant Van Impe op de Hoogstraat).<\/p>\n\n\n\n<p><a href=\"https:\/\/heemkringhaaltert.be\/wp-content\/uploads\/2024\/08\/VREDA-CABARET-Haaltert-Een-Vraa-dad-es-e-stikske-spek-LIED1P3.pdf\" target=\"_blank\" rel=\"noreferrer noopener\">Partituur: Een Vraa da es e stikske spek<\/a><\/p>\n\n\n\n<div class=\"wp-block-columns is-layout-flex wp-container-core-columns-is-layout-9d6595d7 wp-block-columns-is-layout-flex\">\n<div class=\"wp-block-column is-layout-flow wp-block-column-is-layout-flow\">\n<figure class=\"wp-block-image size-large\"><img loading=\"lazy\" decoding=\"async\" width=\"1024\" height=\"976\" src=\"https:\/\/heemkringhaaltert.be\/wp-content\/uploads\/2023\/12\/Vreda-Cabaret-podium-optreden-1024x976.png\" alt=\"\" class=\"wp-image-2497\" srcset=\"https:\/\/heemkringhaaltert.be\/wp-content\/uploads\/2023\/12\/Vreda-Cabaret-podium-optreden-1024x976.png 1024w, https:\/\/heemkringhaaltert.be\/wp-content\/uploads\/2023\/12\/Vreda-Cabaret-podium-optreden-300x286.png 300w, https:\/\/heemkringhaaltert.be\/wp-content\/uploads\/2023\/12\/Vreda-Cabaret-podium-optreden-768x732.png 768w, https:\/\/heemkringhaaltert.be\/wp-content\/uploads\/2023\/12\/Vreda-Cabaret-podium-optreden.png 1530w\" sizes=\"auto, (max-width: 1024px) 100vw, 1024px\" \/><\/figure>\n<\/div>\n\n\n\n<div class=\"wp-block-column is-layout-flow wp-block-column-is-layout-flow\">\n<figure class=\"wp-block-image size-large\"><img loading=\"lazy\" decoding=\"async\" width=\"1024\" height=\"632\" src=\"https:\/\/heemkringhaaltert.be\/wp-content\/uploads\/2023\/12\/Vreda-Cabaret-podium-1024x632.png\" alt=\"\" class=\"wp-image-2498\" srcset=\"https:\/\/heemkringhaaltert.be\/wp-content\/uploads\/2023\/12\/Vreda-Cabaret-podium-1024x632.png 1024w, https:\/\/heemkringhaaltert.be\/wp-content\/uploads\/2023\/12\/Vreda-Cabaret-podium-300x185.png 300w, https:\/\/heemkringhaaltert.be\/wp-content\/uploads\/2023\/12\/Vreda-Cabaret-podium-768x474.png 768w, https:\/\/heemkringhaaltert.be\/wp-content\/uploads\/2023\/12\/Vreda-Cabaret-podium-1536x947.png 1536w, https:\/\/heemkringhaaltert.be\/wp-content\/uploads\/2023\/12\/Vreda-Cabaret-podium.png 1712w\" sizes=\"auto, (max-width: 1024px) 100vw, 1024px\" \/><\/figure>\n<\/div>\n<\/div>\n","protected":false},"excerpt":{"rendered":"<p>De periode 1937-1960 kan men zich moeilijk voorstellen zonder de vertoningen van het Vredacabaret in een bomvolle Volkskring. Hun liedjes warend razend populair. Geenhedendaags familiefeestje te Haaltert kon of kan doorgaan zonder \u00e9\u00e9n van hun talrijke meezingers. O Sanja; Een vraa\u2026..: Wij zijn Haaltenaren, enz. zijn nog door vele dorpsgenoten gekend.Het merkwaardige was dat al [&hellip;]<\/p>\n","protected":false},"author":2,"featured_media":0,"parent":0,"menu_order":0,"comment_status":"closed","ping_status":"closed","template":"","meta":{"footnotes":""},"class_list":["post-2494","page","type-page","status-publish","hentry","post"],"_links":{"self":[{"href":"https:\/\/heemkringhaaltert.be\/index.php?rest_route=\/wp\/v2\/pages\/2494","targetHints":{"allow":["GET"]}}],"collection":[{"href":"https:\/\/heemkringhaaltert.be\/index.php?rest_route=\/wp\/v2\/pages"}],"about":[{"href":"https:\/\/heemkringhaaltert.be\/index.php?rest_route=\/wp\/v2\/types\/page"}],"author":[{"embeddable":true,"href":"https:\/\/heemkringhaaltert.be\/index.php?rest_route=\/wp\/v2\/users\/2"}],"replies":[{"embeddable":true,"href":"https:\/\/heemkringhaaltert.be\/index.php?rest_route=%2Fwp%2Fv2%2Fcomments&post=2494"}],"version-history":[{"count":5,"href":"https:\/\/heemkringhaaltert.be\/index.php?rest_route=\/wp\/v2\/pages\/2494\/revisions"}],"predecessor-version":[{"id":3784,"href":"https:\/\/heemkringhaaltert.be\/index.php?rest_route=\/wp\/v2\/pages\/2494\/revisions\/3784"}],"wp:attachment":[{"href":"https:\/\/heemkringhaaltert.be\/index.php?rest_route=%2Fwp%2Fv2%2Fmedia&parent=2494"}],"curies":[{"name":"wp","href":"https:\/\/api.w.org\/{rel}","templated":true}]}}